{"id":1387,"date":"2019-01-22T13:34:51","date_gmt":"2019-01-22T13:34:51","guid":{"rendered":"http:\/\/waterprof.pl\/index.php\/pricing-plans-2\/"},"modified":"2021-04-11T00:07:53","modified_gmt":"2021-04-11T00:07:53","slug":"pricing-plans-2","status":"publish","type":"page","link":"https:\/\/waterprof.pl\/index.php\/pricing-plans-2\/","title":{"rendered":"Cennik"},"content":{"rendered":"\n<div class=\"wp-block-themepunch-revslider revslider\" data-modal=\"false\" data-slidertitle=\"Waterprof_narrow\" style=\"\">\n\t\t\t<!-- START Waterprof_narrow REVOLUTION SLIDER 6.4.5 --><p class=\"rs-p-wp-fix\"><\/p>\n\t\t\t<rs-module-wrap id=\"rev_slider_7_1_wrapper\" data-source=\"gallery\" style=\"background:transparent;padding:0;margin:0px auto;margin-top:0px;margin-bottom:0;\">\n\t\t\t\t<rs-module id=\"rev_slider_7_1\" style=\"\" data-version=\"6.4.5\">\n\t\t\t\t\t<rs-slides>\n\t\t\t\t\t\t<rs-slide data-key=\"rs-21\" data-title=\"Intro\" data-duration=\"6000ms\" data-in=\"o:0;\" data-out=\"a:false;\">\n\t\t\t\t\t\t\t<img loading=\"lazy\" decoding=\"async\" src=\"\/\/waterprof.pl\/wp-content\/plugins\/revslider\/public\/assets\/assets\/dummy.png\" title=\"Depositphotos_202312902_l-2015\" width=\"2560\" height=\"1155\" class=\"rev-slidebg tp-rs-img rs-lazyload\" data-lazyload=\"\/\/waterprof.pl\/wp-content\/uploads\/2021\/04\/Depositphotos_202312902_l-2015-2-scaled.jpg\" data-bg=\"p:center top;\" data-panzoom=\"d:20000;e:power1.out;ss:100;se:105;\" data-no-retina>\n<!--\n\t\t\t\t\t\t\t--><rs-layer\n\t\t\t\t\t\t\t\tid=\"slider-7-slide-21-layer-2\" \n\t\t\t\t\t\t\t\tclass=\"Restaurant-Display\"\n\t\t\t\t\t\t\t\tdata-type=\"text\"\n\t\t\t\t\t\t\t\tdata-color=\"rgba(255, 255, 255, 1)\"\n\t\t\t\t\t\t\t\tdata-rsp_ch=\"on\"\n\t\t\t\t\t\t\t\tdata-xy=\"x:20px;y:c;yo:7px;\"\n\t\t\t\t\t\t\t\tdata-text=\"s:110;l:110;ls:0px;fw:700;a:center;\"\n\t\t\t\t\t\t\t\tdata-dim=\"w:629px;h:136px;\"\n\t\t\t\t\t\t\t\tdata-frame_0=\"y:100%;o:1;\"\n\t\t\t\t\t\t\t\tdata-frame_0_mask=\"u:t;\"\n\t\t\t\t\t\t\t\tdata-frame_1=\"st:200;sp:1500;sR:200;\"\n\t\t\t\t\t\t\t\tdata-frame_1_mask=\"u:t;\"\n\t\t\t\t\t\t\t\tdata-frame_999=\"o:0;e:nothing;st:w;sp:500;sR:7300;\"\n\t\t\t\t\t\t\t\tstyle=\"z-index:9;font-family:Cabin;\"\n\t\t\t\t\t\t\t>Waterprof \n\t\t\t\t\t\t\t<\/rs-layer><!--\n\n\t\t\t\t\t\t\t--><rs-layer\n\t\t\t\t\t\t\t\tid=\"slider-7-slide-21-layer-7\" \n\t\t\t\t\t\t\t\tdata-type=\"text\"\n\t\t\t\t\t\t\t\tdata-color=\"#ffffff\"\n\t\t\t\t\t\t\t\tdata-rsp_ch=\"on\"\n\t\t\t\t\t\t\t\tdata-xy=\"x:21px;y:c;yo:102px;\"\n\t\t\t\t\t\t\t\tdata-text=\"s:20;l:24;ls:1px;a:inherit;\"\n\t\t\t\t\t\t\t\tdata-vbility=\"t,t,t,f\"\n\t\t\t\t\t\t\t\tdata-frame_1=\"st:400;sp:1500;sR:400;\"\n\t\t\t\t\t\t\t\tdata-frame_999=\"o:0;st:w;sp:500;sR:4100;\"\n\t\t\t\t\t\t\t\tstyle=\"z-index:10;font-family:Roboto;\"\n\t\t\t\t\t\t\t>Uzdatnianie wody - profesjonalnie \n\t\t\t\t\t\t\t<\/rs-layer><!--\n\n\t\t\t\t\t\t\t--><rs-layer\n\t\t\t\t\t\t\t\tid=\"slider-7-slide-21-layer-13\" \n\t\t\t\t\t\t\t\tclass=\"tp-shape tp-shapewrapper\"\n\t\t\t\t\t\t\t\tdata-type=\"shape\"\n\t\t\t\t\t\t\t\tdata-rsp_ch=\"on\"\n\t\t\t\t\t\t\t\tdata-xy=\"x:c;xo:2px;y:c;yo:-1px;\"\n\t\t\t\t\t\t\t\tdata-text=\"fw:100;a:inherit;\"\n\t\t\t\t\t\t\t\tdata-dim=\"w:100%;h:100%;\"\n\t\t\t\t\t\t\t\tdata-basealign=\"slide\"\n\t\t\t\t\t\t\t\tdata-frame_1=\"sp:200;sR:10;\"\n\t\t\t\t\t\t\t\tdata-frame_999=\"o:0;st:w;sp:500;sR:8790;\"\n\t\t\t\t\t\t\t\tstyle=\"z-index:8;background-color:rgba(0,0,0,0.5);\"\n\t\t\t\t\t\t\t> \n\t\t\t\t\t\t\t<\/rs-layer><!--\n-->\t\t\t\t\t\t<\/rs-slide>\n\t\t\t\t\t\t<rs-slide data-key=\"rs-23\" data-title=\"Intro\" data-duration=\"6000ms\" data-in=\"o:0;\" data-out=\"a:false;\">\n\t\t\t\t\t\t\t<img loading=\"lazy\" decoding=\"async\" src=\"\/\/waterprof.pl\/wp-content\/plugins\/revslider\/public\/assets\/assets\/dummy.png\" title=\"industrial boiler interior with lots of pipes, pumps and valves\" width=\"2284\" height=\"839\" class=\"rev-slidebg tp-rs-img rs-lazyload\" data-lazyload=\"\/\/waterprof.pl\/wp-content\/uploads\/2021\/04\/Depositphotos_70489567_l-2015-2-e1618099510471.jpg\" data-bg=\"p:center top;\" data-panzoom=\"d:20000;e:power1.out;ss:100;se:105;\" data-no-retina>\n<!--\n\t\t\t\t\t\t\t--><rs-layer\n\t\t\t\t\t\t\t\tid=\"slider-7-slide-23-layer-1\" \n\t\t\t\t\t\t\t\tclass=\"Restaurant-Display\"\n\t\t\t\t\t\t\t\tdata-type=\"text\"\n\t\t\t\t\t\t\t\tdata-color=\"rgba(255, 255, 255, 1)\"\n\t\t\t\t\t\t\t\tdata-rsp_ch=\"on\"\n\t\t\t\t\t\t\t\tdata-xy=\"x:21px;y:c;yo:-80px;\"\n\t\t\t\t\t\t\t\tdata-text=\"s:110;l:110;ls:0px;fw:700;a:center;\"\n\t\t\t\t\t\t\t\tdata-dim=\"w:1007.997px;h:123px;\"\n\t\t\t\t\t\t\t\tdata-frame_0=\"y:100%;o:1;\"\n\t\t\t\t\t\t\t\tdata-frame_0_mask=\"u:t;\"\n\t\t\t\t\t\t\t\tdata-frame_1=\"st:200;sp:1500;sR:200;\"\n\t\t\t\t\t\t\t\tdata-frame_1_mask=\"u:t;\"\n\t\t\t\t\t\t\t\tdata-frame_999=\"o:0;e:nothing;st:w;sp:500;sR:7300;\"\n\t\t\t\t\t\t\t\tstyle=\"z-index:6;font-family:Cabin;\"\n\t\t\t\t\t\t\t>Odwr\u00f3cona osmoza \n\t\t\t\t\t\t\t<\/rs-layer><!--\n\n\t\t\t\t\t\t\t--><rs-layer\n\t\t\t\t\t\t\t\tid=\"slider-7-slide-23-layer-7\" \n\t\t\t\t\t\t\t\tdata-type=\"text\"\n\t\t\t\t\t\t\t\tdata-color=\"#ffffff\"\n\t\t\t\t\t\t\t\tdata-rsp_ch=\"on\"\n\t\t\t\t\t\t\t\tdata-xy=\"x:19px;y:c;\"\n\t\t\t\t\t\t\t\tdata-text=\"s:20;l:24;ls:1px;a:inherit;\"\n\t\t\t\t\t\t\t\tdata-vbility=\"t,t,t,f\"\n\t\t\t\t\t\t\t\tdata-frame_1=\"st:400;sp:1500;sR:400;\"\n\t\t\t\t\t\t\t\tdata-frame_999=\"o:0;st:w;sp:500;sR:7100;\"\n\t\t\t\t\t\t\t\tstyle=\"z-index:7;font-family:Roboto;\"\n\t\t\t\t\t\t\t>Najlepsze rozwi\u0105zania \n\t\t\t\t\t\t\t<\/rs-layer><!--\n\n\t\t\t\t\t\t\t--><rs-layer\n\t\t\t\t\t\t\t\tid=\"slider-7-slide-23-layer-13\" \n\t\t\t\t\t\t\t\tclass=\"tp-shape tp-shapewrapper\"\n\t\t\t\t\t\t\t\tdata-type=\"shape\"\n\t\t\t\t\t\t\t\tdata-rsp_ch=\"on\"\n\t\t\t\t\t\t\t\tdata-xy=\"x:c;y:c;\"\n\t\t\t\t\t\t\t\tdata-text=\"fw:100;a:inherit;\"\n\t\t\t\t\t\t\t\tdata-dim=\"w:100%;h:100%;\"\n\t\t\t\t\t\t\t\tdata-basealign=\"slide\"\n\t\t\t\t\t\t\t\tdata-frame_1=\"sp:200;sR:10;\"\n\t\t\t\t\t\t\t\tdata-frame_999=\"o:0;st:w;sp:500;sR:8790;\"\n\t\t\t\t\t\t\t\tstyle=\"z-index:5;background-color:rgba(0,0,0,0.5);\"\n\t\t\t\t\t\t\t> \n\t\t\t\t\t\t\t<\/rs-layer><!--\n-->\t\t\t\t\t\t<\/rs-slide>\n\t\t\t\t\t\t<rs-slide data-key=\"rs-22\" data-title=\"Intro\" data-duration=\"6000ms\" data-in=\"o:0;\" data-out=\"a:false;\">\n\t\t\t\t\t\t\t<img loading=\"lazy\" decoding=\"async\" src=\"\/\/waterprof.pl\/wp-content\/plugins\/revslider\/public\/assets\/assets\/dummy.png\" title=\"Depositphotos_202311744_l-2015\" width=\"1664\" height=\"832\" class=\"rev-slidebg tp-rs-img rs-lazyload\" data-lazyload=\"\/\/waterprof.pl\/wp-content\/uploads\/2021\/04\/Depositphotos_202311744_l-2015-2-scaled-e1618099587359.jpg\" data-bg=\"p:center top;\" data-panzoom=\"d:20000;e:power1.out;ss:100;se:105;\" data-no-retina>\n<!--\n\t\t\t\t\t\t\t--><rs-layer\n\t\t\t\t\t\t\t\tid=\"slider-7-slide-22-layer-1\" \n\t\t\t\t\t\t\t\tclass=\"Restaurant-Display\"\n\t\t\t\t\t\t\t\tdata-type=\"text\"\n\t\t\t\t\t\t\t\tdata-color=\"rgba(255, 255, 255, 1)\"\n\t\t\t\t\t\t\t\tdata-rsp_ch=\"on\"\n\t\t\t\t\t\t\t\tdata-xy=\"x:20px;y:c;yo:-80px;\"\n\t\t\t\t\t\t\t\tdata-text=\"s:110;l:110;ls:0px;fw:700;a:center;\"\n\t\t\t\t\t\t\t\tdata-dim=\"w:868.986px;h:126px;\"\n\t\t\t\t\t\t\t\tdata-frame_0=\"y:100%;o:1;\"\n\t\t\t\t\t\t\t\tdata-frame_0_mask=\"u:t;\"\n\t\t\t\t\t\t\t\tdata-frame_1=\"st:200;sp:1500;sR:200;\"\n\t\t\t\t\t\t\t\tdata-frame_1_mask=\"u:t;\"\n\t\t\t\t\t\t\t\tdata-frame_999=\"o:0;e:nothing;st:w;sp:500;sR:7300;\"\n\t\t\t\t\t\t\t\tstyle=\"z-index:6;font-family:Cabin;\"\n\t\t\t\t\t\t\t>Uzdatnianie wody \n\t\t\t\t\t\t\t<\/rs-layer><!--\n\n\t\t\t\t\t\t\t--><rs-layer\n\t\t\t\t\t\t\t\tid=\"slider-7-slide-22-layer-7\" \n\t\t\t\t\t\t\t\tdata-type=\"text\"\n\t\t\t\t\t\t\t\tdata-color=\"#ffffff\"\n\t\t\t\t\t\t\t\tdata-rsp_ch=\"on\"\n\t\t\t\t\t\t\t\tdata-xy=\"x:20px;y:c;\"\n\t\t\t\t\t\t\t\tdata-text=\"s:20;l:24;ls:1px;a:inherit;\"\n\t\t\t\t\t\t\t\tdata-vbility=\"t,t,t,f\"\n\t\t\t\t\t\t\t\tdata-frame_1=\"st:400;sp:1500;sR:400;\"\n\t\t\t\t\t\t\t\tdata-frame_999=\"o:0;st:w;sp:500;sR:7100;\"\n\t\t\t\t\t\t\t\tstyle=\"z-index:7;font-family:Roboto;\"\n\t\t\t\t\t\t\t>Nowoczesna technologia \n\t\t\t\t\t\t\t<\/rs-layer><!--\n\n\t\t\t\t\t\t\t--><rs-layer\n\t\t\t\t\t\t\t\tid=\"slider-7-slide-22-layer-13\" \n\t\t\t\t\t\t\t\tclass=\"tp-shape tp-shapewrapper\"\n\t\t\t\t\t\t\t\tdata-type=\"shape\"\n\t\t\t\t\t\t\t\tdata-rsp_ch=\"on\"\n\t\t\t\t\t\t\t\tdata-xy=\"x:c;y:c;yo:1px;\"\n\t\t\t\t\t\t\t\tdata-text=\"fw:100;a:inherit;\"\n\t\t\t\t\t\t\t\tdata-dim=\"w:100%;h:100%;\"\n\t\t\t\t\t\t\t\tdata-basealign=\"slide\"\n\t\t\t\t\t\t\t\tdata-frame_1=\"sp:200;sR:10;\"\n\t\t\t\t\t\t\t\tdata-frame_999=\"o:0;st:w;sp:500;sR:8790;\"\n\t\t\t\t\t\t\t\tstyle=\"z-index:5;background-color:rgba(0,0,0,0.5);\"\n\t\t\t\t\t\t\t> \n\t\t\t\t\t\t\t<\/rs-layer><!--\n-->\t\t\t\t\t\t<\/rs-slide>\n\t\t\t\t\t<\/rs-slides>\n\t\t\t\t<\/rs-module>\n\t\t\t\t<script type=\"text\/javascript\">\n\t\t\t\t\tsetREVStartSize({c: 'rev_slider_7_1',rl:[1240,1024,778,480],el:[450],gw:[1240],gh:[450],type:'standard',justify:'',layout:'fullwidth',mh:\"0\"});\n\t\t\t\t\tvar\trevapi7,\n\t\t\t\t\t\ttpj;\n\t\t\t\t\tfunction revinit_revslider71() {\n\t\t\t\t\tjQuery(function() {\n\t\t\t\t\t\ttpj = jQuery;\n\t\t\t\t\t\trevapi7 = tpj(\"#rev_slider_7_1\");\n\t\t\t\t\t\tif(revapi7==undefined || revapi7.revolution == undefined){\n\t\t\t\t\t\t\trevslider_showDoubleJqueryError(\"rev_slider_7_1\");\n\t\t\t\t\t\t}else{\n\t\t\t\t\t\t\trevapi7.revolution({\n\t\t\t\t\t\t\t\tsliderLayout:\"fullwidth\",\n\t\t\t\t\t\t\t\tvisibilityLevels:\"1240,1024,778,480\",\n\t\t\t\t\t\t\t\tgridwidth:1240,\n\t\t\t\t\t\t\t\tgridheight:450,\n\t\t\t\t\t\t\t\tlazyType:\"single\",\n\t\t\t\t\t\t\t\tperspective:600,\n\t\t\t\t\t\t\t\tperspectiveType:\"local\",\n\t\t\t\t\t\t\t\teditorheight:\"450,768,960,251.997\",\n\t\t\t\t\t\t\t\tresponsiveLevels:\"1240,1024,778,480\",\n\t\t\t\t\t\t\t\tprogressBar:{disableProgressBar:true},\n\t\t\t\t\t\t\t\tfanim: {\n\t\t\t\t\t\t\t\t\tin:{\"o\":0},\n\t\t\t\t\t\t\t\t\tout:{\"a\":false},\n\t\t\t\t\t\t\t\t\tspeed:1000\n\t\t\t\t\t\t\t\t},\n\t\t\t\t\t\t\t\tviewPort: {\n\t\t\t\t\t\t\t\t\tenable:true,\n\t\t\t\t\t\t\t\t\tvisible_area:\"20%\"\n\t\t\t\t\t\t\t\t},\n\t\t\t\t\t\t\t\tfallbacks: {\n\t\t\t\t\t\t\t\t\tallowHTML5AutoPlayOnAndroid:true\n\t\t\t\t\t\t\t\t},\n\t\t\t\t\t\t\t});\n\t\t\t\t\t\t}\n\t\t\t\t\t\t\n\t\t\t\t\t});\n\t\t\t\t\t} \/\/ End of RevInitScript\n\t\t\t\tvar once_revslider71 = false;\n\t\t\t\tif (document.readyState === \"loading\") {document.addEventListener('readystatechange',function() { if((document.readyState === \"interactive\" || document.readyState === \"complete\") && !once_revslider71 ) { once_revslider71 = true; revinit_revslider71();}});} else {once_revslider71 = true; revinit_revslider71();}\n\t\t\t\t<\/script>\n\t\t\t<\/rs-module-wrap>\n\t\t\t<!-- END REVOLUTION SLIDER -->\n<\/div>\n\n\n\n<h3 class=\"has-text-align-center wp-block-heading\">Do ka\u017cdego projektu podchodzimy indywidualnie. <\/h3>\n\n\n\n<h3 class=\"has-text-align-center wp-block-heading\">Prosimy o kontakt telefoniczny lub e-mailowy.\u00a0<\/h3>\n\n\n\n<h3 class=\"has-text-align-center wp-block-heading\">tel. +48&nbsp;603&nbsp;095&nbsp;376<\/h3>\n\n\n\n<h3 class=\"has-text-align-center wp-block-heading\"><a href=\"mailto:kontakt@waterprof.pl\">kontakt@waterprof.pl<\/a><\/h3>\n\n\n\n<h3 class=\"has-text-align-center wp-block-heading\">Przygotujemy bezp\u0142atn\u0105 ofert\u0119 idealn\u0105 dla Pa\u0144stwa potrzeb!<\/h3>\n\n\n\n<p><\/p>\n","protected":false},"excerpt":{"rendered":"<p>Do ka\u017cdego projektu podchodzimy indywidualnie. Prosimy o kontakt telefoniczny lub e-mailowy.\u00a0 tel. +48&nbsp;603&nbsp;095&nbsp;376 kontakt@waterprof.pl Przygotujemy bezp\u0142atn\u0105 ofert\u0119 idealn\u0105 dla Pa\u0144stwa potrzeb!<\/p>\n","protected":false},"author":1,"featured_media":0,"parent":0,"menu_order":0,"comment_status":"closed","ping_status":"closed","template":"","meta":{"footnotes":"","_locale":"pl_PL","_original_post":"http:\/\/waterprof.pl\/index.php\/pricing-plans-2\/"},"jetpack_sharing_enabled":true,"_links":{"self":[{"href":"https:\/\/waterprof.pl\/index.php\/wp-json\/wp\/v2\/pages\/1387"}],"collection":[{"href":"https:\/\/waterprof.pl\/index.php\/wp-json\/wp\/v2\/pages"}],"about":[{"href":"https:\/\/waterprof.pl\/index.php\/wp-json\/wp\/v2\/types\/page"}],"author":[{"embeddable":true,"href":"https:\/\/waterprof.pl\/index.php\/wp-json\/wp\/v2\/users\/1"}],"replies":[{"embeddable":true,"href":"https:\/\/waterprof.pl\/index.php\/wp-json\/wp\/v2\/comments?post=1387"}],"version-history":[{"count":7,"href":"https:\/\/waterprof.pl\/index.php\/wp-json\/wp\/v2\/pages\/1387\/revisions"}],"predecessor-version":[{"id":3533,"href":"https:\/\/waterprof.pl\/index.php\/wp-json\/wp\/v2\/pages\/1387\/revisions\/3533"}],"wp:attachment":[{"href":"https:\/\/waterprof.pl\/index.php\/wp-json\/wp\/v2\/media?parent=1387"}],"curies":[{"name":"wp","href":"https:\/\/api.w.org\/{rel}","templated":true}]}}