{"id":1354,"date":"2019-01-22T11:31:28","date_gmt":"2019-01-22T11:31:28","guid":{"rendered":"http:\/\/waterprof.pl\/index.php\/our-services\/"},"modified":"2021-04-07T01:41:00","modified_gmt":"2021-04-07T01:41:00","slug":"our-services","status":"publish","type":"page","link":"https:\/\/waterprof.pl\/index.php\/our-services\/","title":{"rendered":"Oferta"},"content":{"rendered":"[vc_row full_width=&#8221;stretch_row&#8221; equal_height=&#8221;yes&#8221; add_layers=&#8221;1&#8243; extra_layer_pos=&#8221;right&#8221; extra_layer_size=&#8221;cover&#8221; extra_layer_position=&#8221;center center&#8221; css=&#8221;.vc_custom_1617757652912{background-color: #2f3985 !important;}&#8221; cws_layer_image=&#8221;3479&#8243; extra_layer_width=&#8221;56%&#8221; extra_layer_height=&#8221;100%&#8221;][vc_column width=&#8221;5\/12&#8243; css=&#8221;.vc_custom_1548160073919{padding-right: 130px !important;}&#8221;]<div class=\"cws_spacing\"><div class=\"cws_spacing cws_spacing_default\" style=\"height:110px;\"><\/div><\/div><div class='cws_textmodule cws_vc_shortcode_module' id='cws_textmodule_69e437148f4ae'><div class='cws_textmodule_wrapper '><div class='cws_textmodule_text text_align_left'><div class='cws_textmodule_titles display_block'><h1 class='cws_textmodule_title'><span>Dlaczego my?<\/span><\/h1><\/div><\/div><\/div><\/div><div class=\"cws_spacing\"><div class=\"cws_spacing cws_spacing_default\" style=\"height:60px;\"><\/div><\/div><div id='cws_service_item_69e437148f821' class='cws_service_item cws_vc_shortcode_module title_beside style_default a-left v-top'><a href='#' class='cws_service_item_wrapper clearfix'><div class='cws_service_info'><h6 class='cws_service_title'>Wieloletnie do\u015bwiadczenie w bran\u017cy.<\/h6><\/div><\/a><\/div><div class=\"cws_spacing\"><div class=\"cws_spacing cws_spacing_default\" style=\"height:30px;\"><\/div><\/div><div id='cws_service_item_69e437148f93d' class='cws_service_item cws_vc_shortcode_module title_beside style_default a-left v-top'><a href='#' class='cws_service_item_wrapper clearfix'><div class='cws_service_info'><h6 class='cws_service_title'>Zaopiekujemy si\u0119 klientem.<\/h6><\/div><\/a><\/div><div class=\"cws_spacing\"><div class=\"cws_spacing cws_spacing_default\" style=\"height:30px;\"><\/div><\/div><div id='cws_service_item_69e437148f9f4' class='cws_service_item cws_vc_shortcode_module title_beside style_default a-left v-top'><a href='#' class='cws_service_item_wrapper clearfix'><div class='cws_service_info'><h6 class='cws_service_title'>Indywidualne podej\u015bcie<\/h6><\/div><\/a><\/div><div class=\"cws_spacing\"><div class=\"cws_spacing cws_spacing_default\" style=\"height:115px;\"><\/div><\/div>[\/vc_column][vc_column width=&#8221;7\/12&#8243;]<div class=\"cws_spacing cws_spacing_size_sm_desctop-on cws_spacing_tablet-on cws_spacing_mobile-on\"><div class=\"cws_spacing cws_spacing_default\" style=\"height:400px;\"><\/div> <div class=\"cws_spacing cws_spacing_size_sm_desctop\" style=\"height:400px;\"><\/div> <div class=\"cws_spacing cws_spacing_tablet\" style=\"height:400px;\"><\/div> <div class=\"cws_spacing cws_spacing_mobile\" style=\"height:0px;\"><\/div><\/div>[\/vc_column][\/vc_row][vc_row][vc_column]<div class=\"cws_spacing cws_spacing_size_sm_desctop-on cws_spacing_tablet-on cws_spacing_mobile-on\"><div class=\"cws_spacing cws_spacing_default\" style=\"height:90px;\"><\/div> <div class=\"cws_spacing cws_spacing_size_sm_desctop\" style=\"height:90px;\"><\/div> <div class=\"cws_spacing cws_spacing_tablet\" style=\"height:40px;\"><\/div> <div class=\"cws_spacing cws_spacing_mobile\" style=\"height:40px;\"><\/div><\/div>[vc_row_inner][vc_column_inner]<section id='cws_portfolio_posts_grid_69e437148fa5e' class='posts_grid cws_portfolio_posts_grid cws_portfolio_posts_grid posts_grid_3 posts_grid_grid remove_spacing meta_show simple_filter render_styles ' data-style='&quot;&quot;' data-col='3'><div class='cws_vc_shortcode_wrapper'><div class='cws_vc_shortcode_grid'><div class='grid-sizer'><\/div><\/div><\/div><\/section>[\/vc_column_inner][\/vc_row_inner]<div class=\"cws_spacing cws_spacing_size_sm_desctop-on cws_spacing_tablet-on cws_spacing_mobile-on\"><div class=\"cws_spacing cws_spacing_default\" style=\"height:100px;\"><\/div> <div class=\"cws_spacing cws_spacing_size_sm_desctop\" style=\"height:100px;\"><\/div> <div class=\"cws_spacing cws_spacing_tablet\" style=\"height:50px;\"><\/div> <div class=\"cws_spacing cws_spacing_mobile\" style=\"height:50px;\"><\/div><\/div>[\/vc_column][\/vc_row][vc_row][vc_column width=&#8221;1\/4&#8243;]<div class='cws_textmodule cws_vc_shortcode_module' id='cws_textmodule_69e437148fe89'><div class='cws_textmodule_wrapper '><div class='cws_textmodule_text text_align_left'><div class='cws_textmodule_titles display_block'><h3 class='cws_textmodule_title'><span>Oferta<\/span><\/h3><\/div><\/div><\/div><\/div>[\/vc_column][vc_column width=&#8221;3\/4&#8243; css=&#8221;.vc_custom_1548157427634{padding-right: 100px !important;}&#8221;]<div class='cws_textmodule cws_vc_shortcode_module  vc_custom_1617758956407' id='cws_textmodule_69e43714900df'><div class='cws_textmodule_wrapper '><div class='cws_textmodule_text text_align_left'><div class='cws_textmodule_content'><div class='text_content_wrapper'><p><span style=\"font-weight: 400;\">Firma WATERPROF oferuje us\u0142ugi zwi\u0105zane z doradztwem, monta\u017cem, serwisem, napraw\u0105 system\u00f3w uzdatniania wody. Zajmujemy si\u0119 wszystkim co zwi\u0105zane jest z pozyskaniem, uzdatnieniem i dostarczeniem odpowiedniej wody na Twoje potrzeby!<\/span><\/p>\n<p><span style=\"font-weight: 400;\">Proponujemy sta\u0142\u0105 opiek\u0119 nad stacjami uzdatniania wody na podstawie podpisanej umowy.\u00a0<\/span><span style=\"font-weight: 400;\">Dostarczymy wszystkie potrzebne materia\u0142y eksploatacyjne. <\/span><span style=\"font-weight: 400;\">Mamy dost\u0119p do szerokiej bazy cz\u0119\u015bci zamiennych, doradzimy w wyborze konkretnych rozwi\u0105za\u0144.<\/span><\/p>\n<p><span style=\"font-weight: 400;\">\u015aWIADCZYMY US\u0141UGI DLA:<\/span><\/p>\n<ul>\n<li><span style=\"font-weight: 400;\">przemys\u0142u<\/span><\/li>\n<li><span style=\"font-weight: 400;\">us\u0142ug<\/span><\/li>\n<li><span style=\"font-weight: 400;\">gospodarstw rolnych<\/span><\/li>\n<li><span style=\"font-weight: 400;\">gospodarstw domowych\u00a0<\/span><\/li>\n<\/ul>\n<p>&nbsp;<\/p>\n<p><span style=\"font-weight: 400;\">PRZYGOTUJEMY WOD\u0118 DLA:<\/span><\/p>\n<ul>\n<li style=\"font-weight: 400;\" aria-level=\"2\"><span style=\"font-weight: 400;\">produkcji<\/span><\/li>\n<li style=\"font-weight: 400;\" aria-level=\"2\"><span style=\"font-weight: 400;\">kot\u0142owni<\/span><\/li>\n<li style=\"font-weight: 400;\" aria-level=\"2\"><span style=\"font-weight: 400;\">ch\u0142odni<\/span><\/li>\n<li style=\"font-weight: 400;\" aria-level=\"2\"><span style=\"font-weight: 400;\">pralni<\/span><\/li>\n<li style=\"font-weight: 400;\" aria-level=\"2\"><span style=\"font-weight: 400;\">sterylizatorni<\/span><\/li>\n<li style=\"font-weight: 400;\" aria-level=\"2\"><span style=\"font-weight: 400;\">nawil\u017cania hal produkcyjnych<\/span><\/li>\n<li style=\"font-weight: 400;\" aria-level=\"2\"><span style=\"font-weight: 400;\">obs\u0142ugi studni g\u0142\u0119binowych<\/span><\/li>\n<li style=\"font-weight: 400;\" aria-level=\"2\"><span style=\"font-weight: 400;\">cel\u00f3w produkcji rolnej np. szklarni, hodowli zwierz\u0105t<\/span><\/li>\n<li style=\"font-weight: 400;\" aria-level=\"2\"><span style=\"font-weight: 400;\">myjni samochodowych i innych<\/span><\/li>\n<li style=\"font-weight: 400;\" aria-level=\"2\"><span style=\"font-weight: 400;\">socjalno-bytowych<\/span><\/li>\n<\/ul>\n<p>&nbsp;<\/p>\n<p><span style=\"font-weight: 400;\">W OFERCIE MAMY SPRZEDA\u017b I OPIEK\u0118 POSPRZEDA\u017bN\u0104 W ZAKRESIE:<\/span><\/p>\n<ul>\n<li style=\"font-weight: 400;\" aria-level=\"1\"><span style=\"font-weight: 400;\">filtracji mechanicznej<\/span><\/li>\n<li style=\"font-weight: 400;\" aria-level=\"1\"><span style=\"font-weight: 400;\">w\u0119gla aktywnego<\/span><\/li>\n<li style=\"font-weight: 400;\" aria-level=\"1\"><span style=\"font-weight: 400;\">od\u017celaziania<\/span><\/li>\n<li style=\"font-weight: 400;\" aria-level=\"1\"><span style=\"font-weight: 400;\">odmanganiania<\/span><\/li>\n<li style=\"font-weight: 400;\" aria-level=\"1\"><span style=\"font-weight: 400;\">zmi\u0119kczania<\/span><\/li>\n<li style=\"font-weight: 400;\" aria-level=\"1\"><span style=\"font-weight: 400;\">demineralizacj\u0119 RO<\/span><\/li>\n<li style=\"font-weight: 400;\" aria-level=\"1\"><span style=\"font-weight: 400;\">lampy UV<\/span><\/li>\n<li style=\"font-weight: 400;\" aria-level=\"1\"><span style=\"font-weight: 400;\">dozowanie chemii<\/span><\/li>\n<li style=\"font-weight: 400;\" aria-level=\"1\"><span style=\"font-weight: 400;\">dezynfekcj\u0119<\/span><\/li>\n<\/ul>\n<p>&nbsp;<\/p>\n<p><span style=\"font-weight: 400;\">DZIA\u0141AMY NA TERENIE CA\u0141EJ POLSKI:<\/span><\/p>\n<p><span style=\"font-weight: 400;\">podlaskie, warmi\u0144sko-mazurskie, pomorskie, zachodnio-pomorskie, lubuskie, wielkopolskie, \u0142\u00f3dzkie, kujawsko-pomorskie, mazowieckie, lubelskie, \u015bwi\u0119tokrzyskie, podkarpackie, ma\u0142opolskie, \u015bl\u0105skie, opolskie, dolno\u015bl\u0105skie<\/span><\/p>\n<p>&nbsp;<\/p>\n<p><span style=\"font-weight: 400;\">(Bydgoszcz, Toru\u0144, W\u0142oc\u0142awek, Grudzi\u0105dz, Inowroc\u0142aw, Koronowo, Brodnica, Solec Kujawski, Tuchola, \u015awiecie, Ciechocinek, Che\u0142mno, Lipno, Rypin, Nak\u0142o nad Noteci\u0105, Nieszawa, Piotrk\u00f3w Kujawski, Janikowo, Gniewkowo, W\u0105brze\u017ano, \u017bnin, Mogilno, Che\u0142m\u017ca, Szubin, Golub-Dobrzy\u0144, Sk\u0119pe, Aleksandr\u00f3w Kujawski, Brze\u015b\u0107 Kujawski, Kcynia, Kruszwica, S\u0119p\u00f3lno Kraje\u0144skie, Radziej\u00f3w, Dobrzy\u0144 nad Wis\u0142\u0105, Mrocza, \u0141asin, Kowal, Strzelno, Wi\u0119cbork, Barcin, Chojnice, \u015awiecie, Kwidzyn, Tuchola, Szczecinek, Cz\u0142uch\u00f3w, I\u0142awa, Ostr\u00f3da, Malbork, Tczew, Gniezno, Pozna\u0144, Konin, itd.)<\/span><\/p>\n<\/div><\/div><\/div><\/div><\/div>[\/vc_column][\/vc_row]\n","protected":false},"excerpt":{"rendered":"<p>[vc_row full_width=&#8221;stretch_row&#8221; equal_height=&#8221;yes&#8221; add_layers=&#8221;1&#8243; extra_layer_pos=&#8221;right&#8221; extra_layer_size=&#8221;cover&#8221; extra_layer_position=&#8221;center center&#8221; css=&#8221;.vc_custom_1617757652912{background-color: #2f3985 !important;}&#8221; cws_layer_image=&#8221;3479&#8243; extra_layer_width=&#8221;56%&#8221; extra_layer_height=&#8221;100%&#8221;][vc_column width=&#8221;5\/12&#8243; css=&#8221;.vc_custom_1548160073919{padding-right: 130px !important;}&#8221;][\/vc_column][vc_column width=&#8221;7\/12&#8243;][\/vc_column][\/vc_row][vc_row][vc_column][vc_row_inner][vc_column_inner][\/vc_column_inner][\/vc_row_inner][\/vc_column][\/vc_row][vc_row][vc_column width=&#8221;1\/4&#8243;][\/vc_column][vc_column width=&#8221;3\/4&#8243; css=&#8221;.vc_custom_1548157427634{padding-right: 100px !important;}&#8221;][\/vc_column][\/vc_row]<\/p>\n","protected":false},"author":1,"featured_media":0,"parent":0,"menu_order":0,"comment_status":"closed","ping_status":"closed","template":"","meta":{"footnotes":"","_locale":"","_original_post":""},"jetpack_sharing_enabled":true,"_links":{"self":[{"href":"https:\/\/waterprof.pl\/index.php\/wp-json\/wp\/v2\/pages\/1354"}],"collection":[{"href":"https:\/\/waterprof.pl\/index.php\/wp-json\/wp\/v2\/pages"}],"about":[{"href":"https:\/\/waterprof.pl\/index.php\/wp-json\/wp\/v2\/types\/page"}],"author":[{"embeddable":true,"href":"https:\/\/waterprof.pl\/index.php\/wp-json\/wp\/v2\/users\/1"}],"replies":[{"embeddable":true,"href":"https:\/\/waterprof.pl\/index.php\/wp-json\/wp\/v2\/comments?post=1354"}],"version-history":[{"count":14,"href":"https:\/\/waterprof.pl\/index.php\/wp-json\/wp\/v2\/pages\/1354\/revisions"}],"predecessor-version":[{"id":3515,"href":"https:\/\/waterprof.pl\/index.php\/wp-json\/wp\/v2\/pages\/1354\/revisions\/3515"}],"wp:attachment":[{"href":"https:\/\/waterprof.pl\/index.php\/wp-json\/wp\/v2\/media?parent=1354"}],"curies":[{"name":"wp","href":"https:\/\/api.w.org\/{rel}","templated":true}]}}